{"id":8154,"date":"2020-10-14T15:44:57","date_gmt":"2020-10-14T15:44:57","guid":{"rendered":"http:\/\/sugartwin.wpengine.com\/about\/"},"modified":"2024-05-23T18:43:49","modified_gmt":"2024-05-23T18:43:49","slug":"about","status":"publish","type":"page","link":"https:\/\/sugartwin.ca\/fr_ca\/about\/","title":{"rendered":"\u00c0 propos SugarTwin <sup>MD<\/sup>"},"content":{"rendered":"\t\t<div data-elementor-type=\"wp-page\" data-elementor-id=\"8154\" class=\"elementor elementor-8154 elementor-7851\" data-elementor-post-type=\"page\">\n\t\t\t\t\t\t<section class=\"elementor-section elementor-top-section elementor-element elementor-element-4edf4f9b elementor-section-boxed elementor-section-height-default elementor-section-height-default\" data-id=\"4edf4f9b\" data-element_type=\"section\" data-e-type=\"section\">\n\t\t\t\t\t\t<div class=\"elementor-container elementor-column-gap-default\">\n\t\t\t\t\t<div class=\"elementor-column elementor-col-16 elementor-top-column elementor-element elementor-element-40de3d96\" data-id=\"40de3d96\" data-element_type=\"column\" data-e-type=\"column\">\n\t\t\t<div class=\"elementor-widget-wrap\">\n\t\t\t\t\t\t\t<\/div>\n\t\t<\/div>\n\t\t\t\t<div class=\"elementor-column elementor-col-66 elementor-top-column elementor-element elementor-element-20efa270\" data-id=\"20efa270\" data-element_type=\"column\" data-e-type=\"column\">\n\t\t\t<div class=\"elementor-widget-wrap elementor-element-populated\">\n\t\t\t\t\t\t<div class=\"elementor-element elementor-element-1333f96 elementor-widget elementor-widget-text-editor\" data-id=\"1333f96\" data-element_type=\"widget\" data-e-type=\"widget\" data-widget_type=\"text-editor.default\">\n\t\t\t\t<div class=\"elementor-widget-container\">\n\t\t\t\t\t\t\t\t\t<p data-pm-slice=\"1 1 []\">Vous cherchez un moyen de r\u00e9duire votre consommation de sucre sans compromettre les saveurs? SugarTwinMD est une alternative au sucre qui vous permet de d\u00e9guster la d\u00e9licieuse saveur du sucre sans ajouter \u00e0 votre apport de calories. Nous avons pris soin de concevoir un produit qui convient \u00e0 tout le monde. Saupoudrez-le dans votre boisson chaude ou froide ou sur les fruits, ou bien utilisez-le pour donner un go\u00fbt sucr\u00e9 \u00e0 vos plats!<\/p>\t\t\t\t\t\t\t\t<\/div>\n\t\t\t\t<\/div>\n\t\t\t\t\t<\/div>\n\t\t<\/div>\n\t\t\t\t<div class=\"elementor-column elementor-col-16 elementor-top-column elementor-element elementor-element-1cf76dce\" data-id=\"1cf76dce\" data-element_type=\"column\" data-e-type=\"column\">\n\t\t\t<div class=\"elementor-widget-wrap\">\n\t\t\t\t\t\t\t<\/div>\n\t\t<\/div>\n\t\t\t\t\t<\/div>\n\t\t<\/section>\n\t\t\t\t<\/div>\n\t\t","protected":false},"excerpt":{"rendered":"<p>Vous cherchez un moyen de r\u00e9duire votre consommation de sucre sans compromettre les saveurs? SugarTwinMD est une alternative au sucre qui vous permet de d\u00e9guster la d\u00e9licieuse saveur du sucre sans ajouter \u00e0 votre apport de calories. Nous avons pris soin de concevoir un produit qui convient \u00e0 tout le monde. Saupoudrez-le dans votre boisson [&hellip;]<\/p>\n","protected":false},"author":4,"featured_media":8077,"parent":0,"menu_order":0,"comment_status":"closed","ping_status":"closed","template":"","meta":{"_acf_changed":false,"footnotes":""},"class_list":["post-8154","page","type-page","status-publish","has-post-thumbnail","hentry"],"acf":[],"yoast_head":"<!-- This site is optimized with the Yoast SEO Premium plugin v27.1 (Yoast SEO v27.3) - https:\/\/yoast.com\/product\/yoast-seo-premium-wordpress\/ -->\n<title>\u00c0 propos SugarTwin MD - Sugar Twin CA<\/title>\n<meta name=\"robots\" content=\"index, follow, max-snippet:-1, max-image-preview:large, max-video-preview:-1\" \/>\n<link rel=\"canonical\" href=\"https:\/\/sugartwin.ca\/fr_ca\/about\/\" \/>\n<meta property=\"og:locale\" content=\"fr_CA\" \/>\n<meta property=\"og:type\" content=\"article\" \/>\n<meta property=\"og:title\" content=\"\u00c0 propos SugarTwin MD\" \/>\n<meta property=\"og:description\" content=\"Vous cherchez un moyen de r\u00e9duire votre consommation de sucre sans compromettre les saveurs? SugarTwinMD est une alternative au sucre qui vous permet de\" \/>\n<meta property=\"og:url\" content=\"https:\/\/sugartwin.ca\/fr_ca\/about\/\" \/>\n<meta property=\"og:site_name\" content=\"Sugar Twin CA\" \/>\n<meta property=\"article:modified_time\" content=\"2024-05-23T18:43:49+00:00\" \/>\n<meta property=\"og:image\" content=\"https:\/\/sugartwin.ca\/wp-content\/uploads\/About-scaled.jpg\" \/>\n\t<meta property=\"og:image:width\" content=\"2560\" \/>\n\t<meta property=\"og:image:height\" content=\"444\" \/>\n\t<meta property=\"og:image:type\" content=\"image\/jpeg\" \/>\n<meta name=\"twitter:card\" content=\"summary_large_image\" \/>\n<meta name=\"twitter:label1\" content=\"Estimation du temps de lecture\" \/>\n\t<meta name=\"twitter:data1\" content=\"1 minute\" \/>\n<script type=\"application\/ld+json\" class=\"yoast-schema-graph\">{\"@context\":\"https:\\\/\\\/schema.org\",\"@graph\":[{\"@type\":\"WebPage\",\"@id\":\"https:\\\/\\\/sugartwin.ca\\\/fr_ca\\\/about\\\/\",\"url\":\"https:\\\/\\\/sugartwin.ca\\\/fr_ca\\\/about\\\/\",\"name\":\"\u00c0 propos SugarTwin MD - Sugar Twin CA\",\"isPartOf\":{\"@id\":\"https:\\\/\\\/sugartwin.ca\\\/#website\"},\"primaryImageOfPage\":{\"@id\":\"https:\\\/\\\/sugartwin.ca\\\/fr_ca\\\/about\\\/#primaryimage\"},\"image\":{\"@id\":\"https:\\\/\\\/sugartwin.ca\\\/fr_ca\\\/about\\\/#primaryimage\"},\"thumbnailUrl\":\"https:\\\/\\\/sugartwin.ca\\\/wp-content\\\/uploads\\\/About-scaled.jpg\",\"datePublished\":\"2020-10-14T15:44:57+00:00\",\"dateModified\":\"2024-05-23T18:43:49+00:00\",\"breadcrumb\":{\"@id\":\"https:\\\/\\\/sugartwin.ca\\\/fr_ca\\\/about\\\/#breadcrumb\"},\"inLanguage\":\"fr-CA\",\"potentialAction\":[{\"@type\":\"ReadAction\",\"target\":[\"https:\\\/\\\/sugartwin.ca\\\/fr_ca\\\/about\\\/\"]}]},{\"@type\":\"ImageObject\",\"inLanguage\":\"fr-CA\",\"@id\":\"https:\\\/\\\/sugartwin.ca\\\/fr_ca\\\/about\\\/#primaryimage\",\"url\":\"https:\\\/\\\/sugartwin.ca\\\/wp-content\\\/uploads\\\/About-scaled.jpg\",\"contentUrl\":\"https:\\\/\\\/sugartwin.ca\\\/wp-content\\\/uploads\\\/About-scaled.jpg\",\"width\":2560,\"height\":444},{\"@type\":\"BreadcrumbList\",\"@id\":\"https:\\\/\\\/sugartwin.ca\\\/fr_ca\\\/about\\\/#breadcrumb\",\"itemListElement\":[{\"@type\":\"ListItem\",\"position\":1,\"name\":\"Home\",\"item\":\"https:\\\/\\\/sugartwin.ca\\\/fr_ca\\\/\"},{\"@type\":\"ListItem\",\"position\":2,\"name\":\"\u00c0 propos SugarTwin MD\"}]},{\"@type\":\"WebSite\",\"@id\":\"https:\\\/\\\/sugartwin.ca\\\/#website\",\"url\":\"https:\\\/\\\/sugartwin.ca\\\/\",\"name\":\"Sugar Twin CA\",\"description\":\"SugarTwin is an artificial sweetener used as a sugar and brown sugar substitute.\",\"publisher\":{\"@id\":\"https:\\\/\\\/sugartwin.ca\\\/#organization\"},\"potentialAction\":[{\"@type\":\"SearchAction\",\"target\":{\"@type\":\"EntryPoint\",\"urlTemplate\":\"https:\\\/\\\/sugartwin.ca\\\/?s={search_term_string}\"},\"query-input\":{\"@type\":\"PropertyValueSpecification\",\"valueRequired\":true,\"valueName\":\"search_term_string\"}}],\"inLanguage\":\"fr-CA\"},{\"@type\":\"Organization\",\"@id\":\"https:\\\/\\\/sugartwin.ca\\\/#organization\",\"name\":\"Sugar Twin CA\",\"url\":\"https:\\\/\\\/sugartwin.ca\\\/\",\"logo\":{\"@type\":\"ImageObject\",\"inLanguage\":\"fr-CA\",\"@id\":\"https:\\\/\\\/sugartwin.ca\\\/#\\\/schema\\\/logo\\\/image\\\/\",\"url\":\"https:\\\/\\\/sugartwin.ca\\\/wp-content\\\/uploads\\\/sugar-Twin_CA.png\",\"contentUrl\":\"https:\\\/\\\/sugartwin.ca\\\/wp-content\\\/uploads\\\/sugar-Twin_CA.png\",\"width\":720,\"height\":474,\"caption\":\"Sugar Twin CA\"},\"image\":{\"@id\":\"https:\\\/\\\/sugartwin.ca\\\/#\\\/schema\\\/logo\\\/image\\\/\"}}]}<\/script>\n<!-- \/ Yoast SEO Premium plugin. -->","yoast_head_json":{"title":"\u00c0 propos SugarTwin MD - Sugar Twin CA","robots":{"index":"index","follow":"follow","max-snippet":"max-snippet:-1","max-image-preview":"max-image-preview:large","max-video-preview":"max-video-preview:-1"},"canonical":"https:\/\/sugartwin.ca\/fr_ca\/about\/","og_locale":"fr_CA","og_type":"article","og_title":"\u00c0 propos SugarTwin MD","og_description":"Vous cherchez un moyen de r\u00e9duire votre consommation de sucre sans compromettre les saveurs? SugarTwinMD est une alternative au sucre qui vous permet de","og_url":"https:\/\/sugartwin.ca\/fr_ca\/about\/","og_site_name":"Sugar Twin CA","article_modified_time":"2024-05-23T18:43:49+00:00","og_image":[{"width":2560,"height":444,"url":"https:\/\/sugartwin.ca\/wp-content\/uploads\/About-scaled.jpg","type":"image\/jpeg"}],"twitter_card":"summary_large_image","twitter_misc":{"Estimation du temps de lecture":"1 minute"},"schema":{"@context":"https:\/\/schema.org","@graph":[{"@type":"WebPage","@id":"https:\/\/sugartwin.ca\/fr_ca\/about\/","url":"https:\/\/sugartwin.ca\/fr_ca\/about\/","name":"\u00c0 propos SugarTwin MD - Sugar Twin CA","isPartOf":{"@id":"https:\/\/sugartwin.ca\/#website"},"primaryImageOfPage":{"@id":"https:\/\/sugartwin.ca\/fr_ca\/about\/#primaryimage"},"image":{"@id":"https:\/\/sugartwin.ca\/fr_ca\/about\/#primaryimage"},"thumbnailUrl":"https:\/\/sugartwin.ca\/wp-content\/uploads\/About-scaled.jpg","datePublished":"2020-10-14T15:44:57+00:00","dateModified":"2024-05-23T18:43:49+00:00","breadcrumb":{"@id":"https:\/\/sugartwin.ca\/fr_ca\/about\/#breadcrumb"},"inLanguage":"fr-CA","potentialAction":[{"@type":"ReadAction","target":["https:\/\/sugartwin.ca\/fr_ca\/about\/"]}]},{"@type":"ImageObject","inLanguage":"fr-CA","@id":"https:\/\/sugartwin.ca\/fr_ca\/about\/#primaryimage","url":"https:\/\/sugartwin.ca\/wp-content\/uploads\/About-scaled.jpg","contentUrl":"https:\/\/sugartwin.ca\/wp-content\/uploads\/About-scaled.jpg","width":2560,"height":444},{"@type":"BreadcrumbList","@id":"https:\/\/sugartwin.ca\/fr_ca\/about\/#breadcrumb","itemListElement":[{"@type":"ListItem","position":1,"name":"Home","item":"https:\/\/sugartwin.ca\/fr_ca\/"},{"@type":"ListItem","position":2,"name":"\u00c0 propos SugarTwin MD"}]},{"@type":"WebSite","@id":"https:\/\/sugartwin.ca\/#website","url":"https:\/\/sugartwin.ca\/","name":"Sugar Twin CA","description":"SugarTwin is an artificial sweetener used as a sugar and brown sugar substitute.","publisher":{"@id":"https:\/\/sugartwin.ca\/#organization"},"potentialAction":[{"@type":"SearchAction","target":{"@type":"EntryPoint","urlTemplate":"https:\/\/sugartwin.ca\/?s={search_term_string}"},"query-input":{"@type":"PropertyValueSpecification","valueRequired":true,"valueName":"search_term_string"}}],"inLanguage":"fr-CA"},{"@type":"Organization","@id":"https:\/\/sugartwin.ca\/#organization","name":"Sugar Twin CA","url":"https:\/\/sugartwin.ca\/","logo":{"@type":"ImageObject","inLanguage":"fr-CA","@id":"https:\/\/sugartwin.ca\/#\/schema\/logo\/image\/","url":"https:\/\/sugartwin.ca\/wp-content\/uploads\/sugar-Twin_CA.png","contentUrl":"https:\/\/sugartwin.ca\/wp-content\/uploads\/sugar-Twin_CA.png","width":720,"height":474,"caption":"Sugar Twin CA"},"image":{"@id":"https:\/\/sugartwin.ca\/#\/schema\/logo\/image\/"}}]}},"_links":{"self":[{"href":"https:\/\/sugartwin.ca\/fr_ca\/wp-json\/wp\/v2\/pages\/8154","targetHints":{"allow":["GET"]}}],"collection":[{"href":"https:\/\/sugartwin.ca\/fr_ca\/wp-json\/wp\/v2\/pages"}],"about":[{"href":"https:\/\/sugartwin.ca\/fr_ca\/wp-json\/wp\/v2\/types\/page"}],"author":[{"embeddable":true,"href":"https:\/\/sugartwin.ca\/fr_ca\/wp-json\/wp\/v2\/users\/4"}],"replies":[{"embeddable":true,"href":"https:\/\/sugartwin.ca\/fr_ca\/wp-json\/wp\/v2\/comments?post=8154"}],"version-history":[{"count":0,"href":"https:\/\/sugartwin.ca\/fr_ca\/wp-json\/wp\/v2\/pages\/8154\/revisions"}],"wp:featuredmedia":[{"embeddable":true,"href":"https:\/\/sugartwin.ca\/fr_ca\/wp-json\/wp\/v2\/media\/8077"}],"wp:attachment":[{"href":"https:\/\/sugartwin.ca\/fr_ca\/wp-json\/wp\/v2\/media?parent=8154"}],"curies":[{"name":"wp","href":"https:\/\/api.w.org\/{rel}","templated":true}]}}